{"id":647,"date":"2024-08-21T13:02:37","date_gmt":"2024-08-21T13:02:37","guid":{"rendered":"https:\/\/dieter-steffen.de\/?page_id=647"},"modified":"2025-09-18T08:14:21","modified_gmt":"2025-09-18T08:14:21","slug":"rainer-stelle-gitarristenlexikon-international","status":"publish","type":"page","link":"https:\/\/dieter-steffen.de\/?page_id=647","title":{"rendered":"Rainer Stelle: Gitarristenlexikon international"},"content":{"rendered":"<h4>&#8211; Kurzbiografien von Gitarristen, Gitarrenbauern, Gitarrenforschern und Gitarrenkomponisten &#8211;<\/h4>\n<h4>\u00fcber 3000 Biografien<\/h4>\n<h2><a href=\"https:\/\/dieter-steffen.de\/wp-content\/uploads\/2025\/09\/06_Gitarristenlexikon_17_09_2025.pdf\">Gitarristenlexikon<\/a><\/h2>\n<h2>Biografie des Autors<\/h2>\n<p><a href=\"https:\/\/dieter-steffen.de\/wp-content\/uploads\/2024\/08\/RainerStelle_01.jpg\"><img loading=\"lazy\" decoding=\"async\" class=\"size-full wp-image-643 aligncenter\" src=\"https:\/\/dieter-steffen.de\/wp-content\/uploads\/2024\/08\/RainerStelle_01.jpg\" alt=\"\" width=\"584\" height=\"553\" srcset=\"https:\/\/dieter-steffen.de\/wp-content\/uploads\/2024\/08\/RainerStelle_01.jpg 584w, https:\/\/dieter-steffen.de\/wp-content\/uploads\/2024\/08\/RainerStelle_01-300x284.jpg 300w\" sizes=\"auto, (max-width: 584px) 100vw, 584px\" \/><\/a>Rainer Stelle wurde 1953 in Berlin-Wedding geboren. Er studierte Geografie und Mathematik an der FU Berlin, danach Studium mit Abschluss Diplom-Verwaltungswirt und anschlie\u00dfende berufliche T\u00e4tigkeit in der Bauaufsicht des Bezirksamts Steglitz-Zehlendorf. Parallel studierte er 1964-1978 klassische Gitarre, Theorie und Harmonielehre bei Bruno Henze an der Musikschule Wedding. Ab 1965 spielte er im Gitarrenchor der Gitarrenklasse Bruno Henze, aus dem nach Henzes Tod das Gitarrenensemble &#8222;Bruno Henze&#8220; wurde, das seit 2015 von Rainer Stelle geleitet wird. In all den Jahren war er bei den regelm\u00e4\u00dfigen Konzerten des Ensembles und in verschiedenen kammermusikalischen Besetzungen aktiv. Des weiteren ver\u00f6ffentlichte er \u00fcber 70 musikwissenschaftliche Artikel in Fachzeitschriften (u.a. Gitarre &amp; Laute, Gitarre aktuell, Neue Musikzeitung, Zupfmusikmagazin, Concertino, Auftakt!, Soundboard) und in Fachb\u00fcchern (u.a. &#8222;Die klassische Gitarre im 20. Jahrhundert&#8220;). Er ist seit 1983 verantwortlich f\u00fcr die \u00dcberarbeitung des Lehrwerks &#8222;Das Gitarrespiel&#8220; von Bruno Henze beim Friedrich Hofmeister Musikverlag, Leipzig, und er ver\u00f6ffentlichte 30 Notenausgaben mit Werken von Bruno Henze, Theodor Hlouschek, Richard G\u00f6hle sowie die zwei Bearbeitungen von Christa Golf (Carl Philipp Emanuel Bach: &#8222;Geistliche und weltliche Lieder&#8220; und Christoph Willibald Gluck: &#8222;O del mio dolce ardor&#8220; &#8211; beide f\u00fcr Singstimme und Gitarre) beim Joachim-Trekel-Musikverlag, Hamburg.<\/p>\n<h2>Die Entstehung des Gitarristenlexikons<\/h2>\n<p><a href=\"https:\/\/dieter-steffen.de\/wp-content\/uploads\/2024\/08\/RainerStelle_GitarrenkonzertBerlin-scaled.jpg\"><img loading=\"lazy\" decoding=\"async\" class=\"alignleft size-medium wp-image-645\" src=\"https:\/\/dieter-steffen.de\/wp-content\/uploads\/2024\/08\/RainerStelle_GitarrenkonzertBerlin-300x199.jpg\" alt=\"\" width=\"300\" height=\"199\" srcset=\"https:\/\/dieter-steffen.de\/wp-content\/uploads\/2024\/08\/RainerStelle_GitarrenkonzertBerlin-300x199.jpg 300w, https:\/\/dieter-steffen.de\/wp-content\/uploads\/2024\/08\/RainerStelle_GitarrenkonzertBerlin-1024x680.jpg 1024w, https:\/\/dieter-steffen.de\/wp-content\/uploads\/2024\/08\/RainerStelle_GitarrenkonzertBerlin-768x510.jpg 768w, https:\/\/dieter-steffen.de\/wp-content\/uploads\/2024\/08\/RainerStelle_GitarrenkonzertBerlin-1536x1020.jpg 1536w, https:\/\/dieter-steffen.de\/wp-content\/uploads\/2024\/08\/RainerStelle_GitarrenkonzertBerlin-2048x1360.jpg 2048w, https:\/\/dieter-steffen.de\/wp-content\/uploads\/2024\/08\/RainerStelle_GitarrenkonzertBerlin-1170x777.jpg 1170w\" sizes=\"auto, (max-width: 300px) 100vw, 300px\" \/><\/a>Seit meinen ersten Konzertbesuchen \u00e4rgerte ich mich dar\u00fcber, dass auf den Programmen oft Fehler bei den Lebensdaten der Komponisten zu finden waren. Und bei den Noten habe ich es auch bemerkt. Sp\u00e4ter sind mir dann die verschiedenen Gitarrenlexika in die H\u00e4nde gefallen. Da setzte sich dieses Manko fort. Die Fehler beschr\u00e4nken sich da nicht nur auf die Lebensdaten, versteht sich! Nur die alten Lexika von Philip J. Bone und Josef Zuth sind nahezu fehlerfrei. Besonders viele Fehler habe ich leider bei J\u00f3zef Powro\u017aniak gefunden, das mag auch der \u00dcbersetzung aus dem Polnischen geschuldet sein. Deshalb habe ich mich damals aufgerafft, ihm viele Seiten an Korrekturen und Erg\u00e4nzungen zu \u00fcbersenden, die dann in die 3. Auflage (1986) \u00fcbernommen wurden. Dasselbe habe ich auch zum \u201eHandbuch der Gitarre und Laute&#8220; von Konrad Ragossnig unternommen, wo meine Vorschl\u00e4ge in der 3. Auflage (2003) ber\u00fccksichtigt wurden. Als es dann nach dem Tod von Powro\u017aniak nicht mehr weiterging, habe ich mich entschlossen, selbst biografisches Material zu sammeln und ab 1994 in meinem PC als Datenbank mit dem Programm \u201eWorks for Windows&#8220; abzuspeichern. Dieter Steffen hat mir dann 2024 sehr geholfen, indem er diese alte Datei in eine Excel-Tabelle konvertierte, daraus eine pdf-Datei formte und das Ganze auf seiner Website ver\u00f6ffentlichte. Herzlichen Dank daf\u00fcr!<br \/>\nAu\u00dfer den genannten Nachschlagewerken habe ich u.a. die umfangreichen Lexika von Domingo Prat, Maurice J. Summerfield und Francisco Herrera ausgewertet. Und soweit es m\u00f6glich war, alles mit den Quellen (u.a. Fachzeitschriften \u2013 von &#8222;Der Gitarrefreund&#8220;, &#8222;Die Gitarre&#8220;, &#8222;Guitar Review&#8220;, bis hin zu &#8222;Zupfmusikmagazin\/Concertino&#8220; &#8222;Classical Guitar&#8220;, &#8222;Gitarre &amp; Laute&#8220;, &#8222;Soundboard&#8220;, &#8222;Gitarre aktuell&#8220; usw.) abgeglichen. Au\u00dferdem habe ich unz\u00e4hlige neue Quellen aufgetan \u2013 Grove, MGG und vor allem das Internet. Auch habe ich die Aufzeichnungen ausgewertet, die Bruno Henze von diversen Gitarrenpers\u00f6nlichkeiten gemacht hat. Last not least habe ich viele Gitarristen (oder deren Nachkommen, Sch\u00fcler usw.) angeschrieben (meist per E-Mail) oder angerufen. Kurzum: Ich habe versucht, alle bekannten Biografien zu aktualisieren und viele neue Biografien aus dem 16. bis 21. Jahrhundert \u2013 soweit sie mir relevant erschienen \u2013 hinzuzuf\u00fcgen. Aufgrund der umfangreichen Forschungen der Wissenschaftler insbesondere in den vergangenen 40 Jahren waren die Biografien vieler Gitarristen umzuschreiben, auch von wichtigen Protagonisten wie Matteo Carcassi und Francesco Molino (Geburtsjahre mussten korrigiert werden). So habe ich \u00fcber 3000 Biografien verfasst. Im Internet findet man \u00fcbrigens einen Wikipedia-Artikel &#8222;Liste von Gitarristen&#8220;, zu dem ich an die 200 Daten (vor allem in der Abteilung Klassik) beigetragen habe. Ebenso habe ich viel erg\u00e4nzt in den Wikipedia-Artikeln &#8222;Gitarrenbauer&#8220; und &#8222;Laute&#8220; sowie etlichen Artikeln \u00fcber Gitarristen.<br \/>\n<a href=\"https:\/\/dieter-steffen.de\/wp-content\/uploads\/2024\/08\/RainerSteller_Gitarre-scaled.jpg\"><img loading=\"lazy\" decoding=\"async\" class=\"alignright size-medium wp-image-646\" src=\"https:\/\/dieter-steffen.de\/wp-content\/uploads\/2024\/08\/RainerSteller_Gitarre-273x300.jpg\" alt=\"\" width=\"273\" height=\"300\" srcset=\"https:\/\/dieter-steffen.de\/wp-content\/uploads\/2024\/08\/RainerSteller_Gitarre-273x300.jpg 273w, https:\/\/dieter-steffen.de\/wp-content\/uploads\/2024\/08\/RainerSteller_Gitarre-933x1024.jpg 933w, https:\/\/dieter-steffen.de\/wp-content\/uploads\/2024\/08\/RainerSteller_Gitarre-768x843.jpg 768w, https:\/\/dieter-steffen.de\/wp-content\/uploads\/2024\/08\/RainerSteller_Gitarre-1399x1536.jpg 1399w, https:\/\/dieter-steffen.de\/wp-content\/uploads\/2024\/08\/RainerSteller_Gitarre-1865x2048.jpg 1865w, https:\/\/dieter-steffen.de\/wp-content\/uploads\/2024\/08\/RainerSteller_Gitarre-1170x1285.jpg 1170w\" sizes=\"auto, (max-width: 273px) 100vw, 273px\" \/><\/a>Peter Maier von &#8222;Gitarre aktuell&#8220; hat ja in seinem Buch &#8222;Gitarre special&#8220; (1990) mal eine Liste von Gitarristen, Komponisten usw. zusammengestellt \u2013 mit Lebensdaten und Nationalit\u00e4t. Die Abk\u00fcrzungen, die er dort verwendet, habe ich teilweise in mein Gitarristenlexikon \u00fcbernommen und auch seine Idee, dass jeder, der eine Gitarrenschule herausgegeben hat und jeder, der einen Tontr\u00e4ger ver\u00f6ffentlicht hat, in einem derartigen Fachlexikon enthalten sein sollte. F\u00fcr die Abk\u00fcrzung der Quellen habe ich mich an Powro\u017aniak orientiert.<br \/>\nEin abgek\u00fcrzter Vorname eines Gitarristen im Text bedeutet, dass dieser Gitarrist einen eigenen Artikel hat! Bei den Abk\u00fcrzungen der Nationalit\u00e4ten ist ein kurzer Bindestrich (Viertelgeviertstrich) angeh\u00e4ngt, damit man sie mit der Suchfunktion effektiv finden kann. Kammermusikalische Vereinigungen (vom Gitarrenduo bis zum Gitarrenensemble) haben keinen separaten Eintrag, sondern sind bei den einzelnen Mitgliedern der entsprechenden Gruppe zu finden.<br \/>\nWichtig waren mir f\u00fcr mein Gitarristenlexikon vor allem die klassischen Gitarristen sowie die Gitarrenforscher und Gitarrenbauer \u2013 soweit es die Konzertgitarre betrifft. Von anderen Personengruppen (z.B. Komponisten, Jazzgitarristen) sind lediglich die wichtigsten Vertreter ber\u00fccksichtigt. Ich habe angestrebt, mehr weibliche Gitarristen aufzunehmen, \u00fcber die sich viele \u00e4ltere Lexika ausschweigen \u2013 auch weil fr\u00fcher weniger Quellen \u00f6ffentlich zug\u00e4nglich waren. Besonderen Wert habe ich auf die Lehrer-Sch\u00fcler-Beziehung gelegt.<\/p>\n<h2>Aufruf an alle Gitarristen<\/h2>\n<p><a href=\"https:\/\/dieter-steffen.de\/wp-content\/uploads\/2024\/08\/Gitarrenensemble-05.05.2024-scaled.jpg\"><img loading=\"lazy\" decoding=\"async\" class=\"aligncenter size-large wp-image-644\" src=\"https:\/\/dieter-steffen.de\/wp-content\/uploads\/2024\/08\/Gitarrenensemble-05.05.2024-1024x483.jpg\" alt=\"\" width=\"734\" height=\"346\" srcset=\"https:\/\/dieter-steffen.de\/wp-content\/uploads\/2024\/08\/Gitarrenensemble-05.05.2024-1024x483.jpg 1024w, https:\/\/dieter-steffen.de\/wp-content\/uploads\/2024\/08\/Gitarrenensemble-05.05.2024-300x141.jpg 300w, https:\/\/dieter-steffen.de\/wp-content\/uploads\/2024\/08\/Gitarrenensemble-05.05.2024-768x362.jpg 768w, https:\/\/dieter-steffen.de\/wp-content\/uploads\/2024\/08\/Gitarrenensemble-05.05.2024-1536x724.jpg 1536w, https:\/\/dieter-steffen.de\/wp-content\/uploads\/2024\/08\/Gitarrenensemble-05.05.2024-2048x966.jpg 2048w, https:\/\/dieter-steffen.de\/wp-content\/uploads\/2024\/08\/Gitarrenensemble-05.05.2024-1170x552.jpg 1170w\" sizes=\"auto, (max-width: 734px) 100vw, 734px\" \/><\/a>Bitte schreiben Sie mir unter\u00a0<a href=\"mailto:rainer.stelle@gmail.com\">rainer.stelle@gmail.com<\/a> , wenn Sie Fehler entdecken oder Erg\u00e4nzungen machen k\u00f6nnen oder wenn Ihnen Personen fehlen. Meine Devise f\u00fcr das Gitarristenlexikon war und ist immer: &#8222;kurz und pr\u00e4zise&#8220;. Jede Person soll gleich viel Raum erhalten (das waren zw\u00f6lf Zeilen in meiner alten Datei). Es w\u00e4re sehr sch\u00f6n, wenn ich mit Ihrer Hilfe noch viele Daten (vor allem Geburts- und Sterbedaten u.\u00e4.) vervollst\u00e4ndigen k\u00f6nnte.<br \/>\nIch werde mich bem\u00fchen, das Lexikon st\u00e4ndig zu aktualisieren und zu erg\u00e4nzen. Die aktualisierte Fassung wird dann im Abstand von 3-6 Monaten auf dieser Website ver\u00f6ffentlicht.<\/p>\n<h5>Kontakt:\u00a0<a href=\"mailto: rainer.stelle@gmail.com\">rainer.stelle@gmail.com<\/a><\/h5>\n<p>&nbsp;<\/p>\n","protected":false},"excerpt":{"rendered":"<p>&#8211; Kurzbiografien von Gitarristen, Gitarrenbauern, Gitarrenforschern und Gitarrenkomponisten &#8211; \u00fcber 3000 Biografien Gitarristenlexikon Biografie des Autors Rainer Stelle wurde 1953 in Berlin-Wedding geboren. Er studierte Geografie und Mathematik an der FU Berlin, danach Studium mit Abschluss Diplom-Verwaltungswirt und anschlie\u00dfende berufliche&#8230;<br \/><a class=\"read-more-button\" href=\"https:\/\/dieter-steffen.de\/?page_id=647\">Read more<\/a><\/p>\n","protected":false},"author":2,"featured_media":0,"parent":26,"menu_order":0,"comment_status":"closed","ping_status":"closed","template":"","meta":{"footnotes":""},"class_list":["post-647","page","type-page","status-publish","hentry"],"_links":{"self":[{"href":"https:\/\/dieter-steffen.de\/index.php?rest_route=\/wp\/v2\/pages\/647","targetHints":{"allow":["GET"]}}],"collection":[{"href":"https:\/\/dieter-steffen.de\/index.php?rest_route=\/wp\/v2\/pages"}],"about":[{"href":"https:\/\/dieter-steffen.de\/index.php?rest_route=\/wp\/v2\/types\/page"}],"author":[{"embeddable":true,"href":"https:\/\/dieter-steffen.de\/index.php?rest_route=\/wp\/v2\/users\/2"}],"replies":[{"embeddable":true,"href":"https:\/\/dieter-steffen.de\/index.php?rest_route=%2Fwp%2Fv2%2Fcomments&post=647"}],"version-history":[{"count":17,"href":"https:\/\/dieter-steffen.de\/index.php?rest_route=\/wp\/v2\/pages\/647\/revisions"}],"predecessor-version":[{"id":662,"href":"https:\/\/dieter-steffen.de\/index.php?rest_route=\/wp\/v2\/pages\/647\/revisions\/662"}],"up":[{"embeddable":true,"href":"https:\/\/dieter-steffen.de\/index.php?rest_route=\/wp\/v2\/pages\/26"}],"wp:attachment":[{"href":"https:\/\/dieter-steffen.de\/index.php?rest_route=%2Fwp%2Fv2%2Fmedia&parent=647"}],"curies":[{"name":"wp","href":"https:\/\/api.w.org\/{rel}","templated":true}]}}