{"id":58,"date":"2015-02-02T10:17:02","date_gmt":"2015-02-02T10:17:02","guid":{"rendered":"http:\/\/dieter-steffen.de\/?page_id=58"},"modified":"2015-02-04T08:57:26","modified_gmt":"2015-02-04T08:57:26","slug":"ueber-mich","status":"publish","type":"page","link":"https:\/\/dieter-steffen.de\/?page_id=58","title":{"rendered":"\u00dcber mich"},"content":{"rendered":"<p><a href=\"https:\/\/dieter-steffen.de\/wp-content\/uploads\/2015\/02\/Dieter_30.jpg\"><img loading=\"lazy\" decoding=\"async\" class=\"alignright size-medium wp-image-118\" src=\"https:\/\/dieter-steffen.de\/wp-content\/uploads\/2015\/02\/Dieter_30-200x300.jpg\" alt=\"Dieter_30\" width=\"200\" height=\"300\" data-id=\"118\" srcset=\"https:\/\/dieter-steffen.de\/wp-content\/uploads\/2015\/02\/Dieter_30-200x300.jpg 200w, https:\/\/dieter-steffen.de\/wp-content\/uploads\/2015\/02\/Dieter_30-683x1024.jpg 683w, https:\/\/dieter-steffen.de\/wp-content\/uploads\/2015\/02\/Dieter_30.jpg 874w\" sizes=\"auto, (max-width: 200px) 100vw, 200px\" \/><\/a>Meine <strong>kreativen Schwerpunkte<\/strong> sehe ich in den Bereichen <strong>Musik<\/strong> und <strong>Foto\/Film<\/strong>. Dar\u00fcber hinaus besch\u00e4ftige ich mich seit 1985 produktiv mit dem Medium <strong>Computer<\/strong>: Ich programmiere und entwickle mit gro\u00dfer Funktionslust eigene Softwareprodukte u.a. im Rahmen der Statistik und Warenwirtschaft. Letztere Kompetenzen f\u00fchrten dazu, dass ich zehn Jahre lang in der IT-Abteilung des Saarl\u00e4ndischen Bildungsministeriums t\u00e4tig war (n\u00e4here Infos dazu unter dem Men\u00fcpunkt EDV).<br \/>\nSchon seit meiner Jugend widme ich mich intensiv der englischen Sprache. Dar\u00fcber hinaus faszinieren mich die Medien Musik und Fotografie &#8211; insgesamt also drei recht unterschiedliche Portale f\u00fcr einen jungen Menschen, die Welt zu erkunden und zu dokumentieren.<br \/>\nFotografien, die ich selbst in einer eigens eingerichteten Dunkelkammer entwickelte, legen ebenso Zeugnis daf\u00fcr ab wie ein erster Preis bei Jugend-Musiziert auf Bundesebene im Jahre 1972 und einem Studium der Musikwissenschaft und Kompositionstechnik.<br \/>\nMeiner Experimentierfreude und Funktionslust sind noch weitere Hobbies geschuldet: Modellfliegen und Bogenschie\u00dfen.<\/p>\n<h3>Schwerpunkte in meinem Leben: Musik, Foto und Film, Programmieren<\/h3>\n<ul>\n<li>EDV, Programmieren (Delphi, c#, python) Oracle Datenbank, Postgres, Firebird, MS SQLServer, SQLite, seit 2015 Android Programmierung<\/li>\n<li>Webgestaltung mit WordPress<\/li>\n<li>Bundessieger Jugend Musiziert Gitarre Solo 1972<\/li>\n<li>Studium Musikwissenschaft, Englisch, Deutsch<\/li>\n<li>DAAD Stipendium USA an Clark University in Worcester, MA 1976 &#8211; 1977<\/li>\n<li>MA Abschluss Englisch mit Note sehr gut A+ in USA 1977<\/li>\n<li>1. Staatsexamen Englisch und Deutsch mit Note sehr gut 1981<\/li>\n<li>2. Staatsexamen Englisch und Deutsch mit Note sehr gut 1983<\/li>\n<li>Studienrat, Oberstudienrat am Saarpfalz-Gymnasium Homburg<\/li>\n<li>Ministerium f\u00fcr Bildung IT, Zeugnisprogramm Grundschule Gymnasium, Schulverwaltungsprogramm Grundschule, Gymnasium, Statistiken<\/li>\n<li>pensioniert seit Ende 2013<\/li>\n<\/ul>\n","protected":false},"excerpt":{"rendered":"<p>Meine kreativen Schwerpunkte sehe ich in den Bereichen Musik und Foto\/Film. Dar\u00fcber hinaus besch\u00e4ftige ich mich seit 1985 produktiv mit dem Medium Computer: Ich programmiere und entwickle mit gro\u00dfer Funktionslust eigene Softwareprodukte u.a. im Rahmen der Statistik und Warenwirtschaft. Letztere&#8230;<br \/><a class=\"read-more-button\" href=\"https:\/\/dieter-steffen.de\/?page_id=58\">Read more<\/a><\/p>\n","protected":false},"author":2,"featured_media":0,"parent":0,"menu_order":0,"comment_status":"open","ping_status":"open","template":"","meta":{"footnotes":""},"class_list":["post-58","page","type-page","status-publish","hentry"],"_links":{"self":[{"href":"https:\/\/dieter-steffen.de\/index.php?rest_route=\/wp\/v2\/pages\/58","targetHints":{"allow":["GET"]}}],"collection":[{"href":"https:\/\/dieter-steffen.de\/index.php?rest_route=\/wp\/v2\/pages"}],"about":[{"href":"https:\/\/dieter-steffen.de\/index.php?rest_route=\/wp\/v2\/types\/page"}],"author":[{"embeddable":true,"href":"https:\/\/dieter-steffen.de\/index.php?rest_route=\/wp\/v2\/users\/2"}],"replies":[{"embeddable":true,"href":"https:\/\/dieter-steffen.de\/index.php?rest_route=%2Fwp%2Fv2%2Fcomments&post=58"}],"version-history":[{"count":6,"href":"https:\/\/dieter-steffen.de\/index.php?rest_route=\/wp\/v2\/pages\/58\/revisions"}],"predecessor-version":[{"id":281,"href":"https:\/\/dieter-steffen.de\/index.php?rest_route=\/wp\/v2\/pages\/58\/revisions\/281"}],"wp:attachment":[{"href":"https:\/\/dieter-steffen.de\/index.php?rest_route=%2Fwp%2Fv2%2Fmedia&parent=58"}],"curies":[{"name":"wp","href":"https:\/\/api.w.org\/{rel}","templated":true}]}}