{"id":48,"date":"2015-02-02T10:15:45","date_gmt":"2015-02-02T10:15:45","guid":{"rendered":"http:\/\/dieter-steffen.de\/?page_id=48"},"modified":"2015-02-02T15:53:38","modified_gmt":"2015-02-02T15:53:38","slug":"saarlaendisches-zupforchester","status":"publish","type":"page","link":"https:\/\/dieter-steffen.de\/?page_id=48","title":{"rendered":"Saarl\u00e4ndisches Zupforchester"},"content":{"rendered":"<p><strong>Der Player spielt zwei Videos \u00fcber das Saarl\u00e4ndische Zupforchester ab:<\/strong><\/p>\n<ul>\n<li>Trailer zum Film Stationen &#8211; Eine Dokumentation \u00fcber Das Saarl\u00e4ndische Zupforchester aus dem Jahr 2014<\/li>\n<li>Das Saarl\u00e4ndische Zupforchester spielt &#8222;SaarBande&#8220; von Daniel Wolff aus dem Jahr 2014<\/li>\n<\/ul>\n<p><strong>Hinweis zur Verbesserung der Qualit\u00e4t des Films:<\/strong><br \/>\nFilm starten, dann beim Player unten rechts auf das Zahnrad klicken, um die Qualit\u00e4t zu verbessern von Automatisch(360p) auf 1080p<sup>HD<\/sup><\/p>\n<div class=\"videoplayer\" id=\"1\" ><div id=\"options\" style=\"display:none;\">{\"id\":1,\"name\":\"Player 1\",\"videos\":[{\"title\":\"Trailer SZO-Stationen\",\"youtubeID\":\"XIfjqcHJM8s\",\"videoAdShow\":\"videoAdShow\",\"videoAdGotoLink\":\"videoAdGotoLink\",\"mp4AD\":\"mp4AD\",\"description\":\"Dokumentation \\u00fcber das SZO\",\"thumbImg\":\"http:\\\/\\\/dieter-steffen.de\\\/wp-content\\\/uploads\\\/2015\\\/02\\\/Video_TrailerSZO_2014.jpg\",\"popupImg\":\"popupImg\",\"popupAdShow\":\"popupAdShow\",\"popupAdStartTime\":\"popupAdStartTime\",\"popupAdEndTime\":\"popupAdEndTime\",\"popupAdGoToLink\":\"popupAdGoToLink\",\"textAdShow\":\"textAdShow\",\"textAd\":\"textAd\",\"textAdStartTime\":\"textAdStartTime\",\"textAdEndTime\":\"textAdEndTime\",\"textAdGoToLink\":\"textAdGoToLink\"},{\"title\":\"SZO - SaarBande\",\"youtubeID\":\"iNivy-yM8z8\",\"videoAdShow\":\"videoAdShow\",\"videoAdGotoLink\":\"videoAdGotoLink\",\"mp4AD\":\"mp4AD\",\"description\":\"SaarBande von Daniel Wolff\",\"thumbImg\":\"http:\\\/\\\/dieter-steffen.de\\\/wp-content\\\/uploads\\\/2015\\\/02\\\/Video_SaarBande_2014.jpg\",\"popupImg\":\"popupImg\",\"popupAdShow\":\"popupAdShow\",\"popupAdStartTime\":\"popupAdStartTime\",\"popupAdEndTime\":\"popupAdEndTime\",\"popupAdGoToLink\":\"popupAdGoToLink\",\"textAdShow\":\"textAdShow\",\"textAd\":\"textAd\",\"textAdStartTime\":\"textAdStartTime\",\"textAdEndTime\":\"textAdEndTime\",\"textAdGoToLink\":\"textAdGoToLink\"}],\"submit\":\"Save Changes\",\"videoPlayerWidth\":746,\"videoPlayerHeight\":420,\"responsive\":false,\"allowSkip\":false,\"videoPlayerShadow\":\"Effect1\",\"playlist\":\"Right playlist\",\"skinPlaylist\":\"Default\",\"skinPlayer\":\"Default\",\"youtubeSkin\":\"dark\",\"youtubeColor\":\"red\",\"vimeoColor\":\"00adef\",\"youtubeShowRelatedVideos\":\"Yes\",\"onFinish\":\"Play next video\",\"autoplay\":false,\"loadRandomVideoOnStart\":false,\"playVideosRandomly\":false,\"posterImg\":\"\",\"rightClickMenu\":true,\"autohideControls\":4,\"fullscreen\":\"Fullscreen native\",\"nowPlayingText\":\"Yes\",\"shareShow\":\"Yes\",\"facebookLink\":\"\",\"twitterLink\":\"\",\"googleplusLink\":\"\",\"logoShow\":\"No\",\"logoPath\":\"\",\"logoPosition\":\"bottom-right\",\"logoClickable\":\"Yes\",\"logoGoToLink\":\"\",\"embedShow\":\"Yes\",\"embedCodeSrc\":\"http:\\\/\\\/yourwebsite.com\\\/player\\\/deploy\\\/index.html\",\"embedCodeW\":746,\"embedCodeH\":420,\"videoType\":\"youtube\",\"rootFolder\":\"https:\\\/\\\/dieter-steffen.de\\\/wp-content\\\/plugins\\\/ultimate-video-player\\\/\"}<\/div><\/div>\n<p>&nbsp;<\/p>\n","protected":false},"excerpt":{"rendered":"<p>Der Player spielt zwei Videos \u00fcber das Saarl\u00e4ndische Zupforchester ab: Trailer zum Film Stationen &#8211; Eine Dokumentation \u00fcber Das Saarl\u00e4ndische Zupforchester aus dem Jahr 2014 Das Saarl\u00e4ndische Zupforchester spielt &#8222;SaarBande&#8220; von Daniel Wolff aus dem Jahr 2014 Hinweis zur Verbesserung&#8230;<br \/><a class=\"read-more-button\" href=\"https:\/\/dieter-steffen.de\/?page_id=48\">Read more<\/a><\/p>\n","protected":false},"author":2,"featured_media":0,"parent":0,"menu_order":0,"comment_status":"open","ping_status":"open","template":"","meta":{"footnotes":""},"class_list":["post-48","page","type-page","status-publish","hentry"],"_links":{"self":[{"href":"https:\/\/dieter-steffen.de\/index.php?rest_route=\/wp\/v2\/pages\/48","targetHints":{"allow":["GET"]}}],"collection":[{"href":"https:\/\/dieter-steffen.de\/index.php?rest_route=\/wp\/v2\/pages"}],"about":[{"href":"https:\/\/dieter-steffen.de\/index.php?rest_route=\/wp\/v2\/types\/page"}],"author":[{"embeddable":true,"href":"https:\/\/dieter-steffen.de\/index.php?rest_route=\/wp\/v2\/users\/2"}],"replies":[{"embeddable":true,"href":"https:\/\/dieter-steffen.de\/index.php?rest_route=%2Fwp%2Fv2%2Fcomments&post=48"}],"version-history":[{"count":9,"href":"https:\/\/dieter-steffen.de\/index.php?rest_route=\/wp\/v2\/pages\/48\/revisions"}],"predecessor-version":[{"id":213,"href":"https:\/\/dieter-steffen.de\/index.php?rest_route=\/wp\/v2\/pages\/48\/revisions\/213"}],"wp:attachment":[{"href":"https:\/\/dieter-steffen.de\/index.php?rest_route=%2Fwp%2Fv2%2Fmedia&parent=48"}],"curies":[{"name":"wp","href":"https:\/\/api.w.org\/{rel}","templated":true}]}}