{"id":44,"date":"2015-02-02T10:15:20","date_gmt":"2015-02-02T10:15:20","guid":{"rendered":"http:\/\/dieter-steffen.de\/?page_id=44"},"modified":"2015-02-02T15:52:27","modified_gmt":"2015-02-02T15:52:27","slug":"musenbolde","status":"publish","type":"page","link":"https:\/\/dieter-steffen.de\/?page_id=44","title":{"rendered":"Musenbolde"},"content":{"rendered":"<p><strong>Making of: \u00a0Die Musenbolde &#8211; K\u00f6nig Drosselbart<\/strong><\/p>\n<p>Das Theaterst\u00fcck &#8222;K\u00f6nig Drosselbart&#8220; wurde von der Theatergruppe &#8222;Die Musenbolde&#8220; unter der Leitung von Johannes Becher in der Stadthalle St. Ingbert im Jahr 2014 aufgef\u00fchrt. Das M\u00e4rchen wurde adaptiert von Johannes Becher.<\/p>\n<p><strong>Hinweis zur Verbesserung der Qualit\u00e4t des Films:<\/strong><br \/>\nFilm starten, dann beim Player unten rechts auf das Zahnrad klicken, um die Qualit\u00e4t zu verbessern von Automatisch(480p) auf 1080p<sup>HD<\/sup><\/p>\n<div class=\"videoplayer\" id=\"2\" ><div id=\"options\" style=\"display:none;\">{\"id\":2,\"name\":\"Player 2\",\"videos\":[{\"title\":\"Musenbolde - Making of\",\"youtubeID\":\"yhclamRWP2o\",\"videoAdShow\":\"videoAdShow\",\"videoAdGotoLink\":\"videoAdGotoLink\",\"mp4AD\":\"mp4AD\",\"description\":\"K\\u00f6nig Drosselbart\",\"thumbImg\":\"http:\\\/\\\/dieter-steffen.de\\\/wp-content\\\/uploads\\\/2015\\\/02\\\/Video_Musenbolde_2014.jpg\",\"popupImg\":\"popupImg\",\"popupAdShow\":\"popupAdShow\",\"popupAdStartTime\":\"popupAdStartTime\",\"popupAdEndTime\":\"popupAdEndTime\",\"popupAdGoToLink\":\"popupAdGoToLink\",\"textAdShow\":\"textAdShow\",\"textAd\":\"textAd\",\"textAdStartTime\":\"textAdStartTime\",\"textAdEndTime\":\"textAdEndTime\",\"textAdGoToLink\":\"textAdGoToLink\"}],\"submit\":\"Save Changes\",\"videoPlayerWidth\":746,\"videoPlayerHeight\":420,\"responsive\":false,\"allowSkip\":false,\"videoPlayerShadow\":\"Effect1\",\"playlist\":\"Off\",\"skinPlaylist\":\"Default\",\"skinPlayer\":\"Default\",\"youtubeSkin\":\"dark\",\"youtubeColor\":\"red\",\"vimeoColor\":\"00adef\",\"youtubeShowRelatedVideos\":\"Yes\",\"onFinish\":\"Play next video\",\"autoplay\":false,\"loadRandomVideoOnStart\":false,\"playVideosRandomly\":false,\"posterImg\":\"\",\"rightClickMenu\":true,\"autohideControls\":4,\"fullscreen\":\"Fullscreen native\",\"nowPlayingText\":\"Yes\",\"shareShow\":\"Yes\",\"facebookLink\":\"http:\\\/\\\/codecanyon.net\\\/\",\"twitterLink\":\"http:\\\/\\\/codecanyon.net\\\/\",\"googleplusLink\":\"http:\\\/\\\/codecanyon.net\\\/\",\"logoShow\":\"Yes\",\"logoPath\":\"\",\"logoPosition\":\"bottom-right\",\"logoClickable\":\"Yes\",\"logoGoToLink\":\"http:\\\/\\\/codecanyon.net\\\/\",\"embedShow\":\"Yes\",\"embedCodeSrc\":\"http:\\\/\\\/yourwebsite.com\\\/player\\\/deploy\\\/index.html\",\"embedCodeW\":746,\"embedCodeH\":420,\"videoType\":\"youtube\",\"rootFolder\":\"https:\\\/\\\/dieter-steffen.de\\\/wp-content\\\/plugins\\\/ultimate-video-player\\\/\"}<\/div><\/div>\n<p>&nbsp;<\/p>\n<p>&nbsp;<\/p>\n<p>&nbsp;<\/p>\n","protected":false},"excerpt":{"rendered":"<p>Making of: \u00a0Die Musenbolde &#8211; K\u00f6nig Drosselbart Das Theaterst\u00fcck &#8222;K\u00f6nig Drosselbart&#8220; wurde von der Theatergruppe &#8222;Die Musenbolde&#8220; unter der Leitung von Johannes Becher in der Stadthalle St. Ingbert im Jahr 2014 aufgef\u00fchrt. Das M\u00e4rchen wurde adaptiert von Johannes Becher. Hinweis&#8230;<br \/><a class=\"read-more-button\" href=\"https:\/\/dieter-steffen.de\/?page_id=44\">Read more<\/a><\/p>\n","protected":false},"author":2,"featured_media":0,"parent":0,"menu_order":0,"comment_status":"open","ping_status":"open","template":"","meta":{"footnotes":""},"class_list":["post-44","page","type-page","status-publish","hentry"],"_links":{"self":[{"href":"https:\/\/dieter-steffen.de\/index.php?rest_route=\/wp\/v2\/pages\/44","targetHints":{"allow":["GET"]}}],"collection":[{"href":"https:\/\/dieter-steffen.de\/index.php?rest_route=\/wp\/v2\/pages"}],"about":[{"href":"https:\/\/dieter-steffen.de\/index.php?rest_route=\/wp\/v2\/types\/page"}],"author":[{"embeddable":true,"href":"https:\/\/dieter-steffen.de\/index.php?rest_route=\/wp\/v2\/users\/2"}],"replies":[{"embeddable":true,"href":"https:\/\/dieter-steffen.de\/index.php?rest_route=%2Fwp%2Fv2%2Fcomments&post=44"}],"version-history":[{"count":6,"href":"https:\/\/dieter-steffen.de\/index.php?rest_route=\/wp\/v2\/pages\/44\/revisions"}],"predecessor-version":[{"id":211,"href":"https:\/\/dieter-steffen.de\/index.php?rest_route=\/wp\/v2\/pages\/44\/revisions\/211"}],"wp:attachment":[{"href":"https:\/\/dieter-steffen.de\/index.php?rest_route=%2Fwp%2Fv2%2Fmedia&parent=44"}],"curies":[{"name":"wp","href":"https:\/\/api.w.org\/{rel}","templated":true}]}}