{"id":28,"date":"2015-02-02T10:13:28","date_gmt":"2015-02-02T10:13:28","guid":{"rendered":"http:\/\/dieter-steffen.de\/?page_id=28"},"modified":"2015-02-07T09:33:51","modified_gmt":"2015-02-07T09:33:51","slug":"impressum","status":"publish","type":"page","link":"https:\/\/dieter-steffen.de\/?page_id=28","title":{"rendered":"Impressum"},"content":{"rendered":"<h3>Verantwortungsbereich<\/h3>\n<p>Das Impressum gilt grunds\u00e4tzlich f\u00fcr alle auf mich registrierten Dom\u00e4nen. Momentan ist das:<\/p>\n<p>dieter-steffen.de<\/p>\n<h3>Abgrenzung<\/h3>\n<p>Diese Web-Pr\u00e4senz ist Teil des WWW und dementsprechend mit fremden, sich jederzeit wandeln- k\u00f6nnenden Web-Sites verkn\u00fcpft, die folglich auch nicht diesem Verantwortungsbereich unterliegen und f\u00fcr die die nachfolgenden Informationen nicht gelten. Es wird keine Gew\u00e4hr f\u00fcr die Aktualit\u00e4t, Korrektheit, Vollst\u00e4ndigkeit oder Qualit\u00e4t der dort bereitgestellten Informationen \u00fcbernommen.<br \/>\nF\u00fcr den Inhalt von verlinkten Seiten sind ausschlie\u00dflich deren Betreiber verantwortlich.<\/p>\n<h3>Verantwortliche Ansprechperson<\/h3>\n<p>Dieter Steffen<br \/>\nKohl-Weigand-Stra\u00dfe 18<br \/>\n66386 St. Ingbert<br \/>\nTel.: +49 6894 382071<br \/>\nE-Mail: ds(at)dieter-steffen.de<\/p>\n<h3>Zweck dieser Webseite<\/h3>\n<p>Dies ist eine private Web-Seite mit einer Pr\u00e4sentation meiner k\u00fcnstlerischen Werke, sowie von eigenen Kommentaren und Blogbeitr\u00e4gen.<\/p>\n<h3>Urheberschutz und Nutzung<\/h3>\n<p>Diese Web-Seite, die darin enthaltenen Texte und Bilder, Rechte an Logos, Fotos, Videos, Filme, insbesondere die Bildrechte, sind urheberrechtlich gesch\u00fctzt zum Schutz geistigen Eigentums.<br \/>\nDigitale Kopien, Ausdrucke, Kopien sowie Downloads von Texten und Bildern, auch in Ausz\u00fcgen, bed\u00fcrfen der schriftlichen Zustimmung von mir als Urheber.<br \/>\nDas Copyright f\u00fcr diese ver\u00f6ffentlichten, von mir selbst erstellten Objekte bleibt allein mir vorbehalten. Das bedeutet ausdr\u00fccklich, dass eine Vervielf\u00e4ltigung oder Verwendung dieser Objekte in anderen elektronischen oder gedruckten Publikationen ohne meine ausdr\u00fcckliche Zustimmung nicht gestattet ist.<br \/>\nIndem Sie auf meine Website zugreifen oder deren Angebot nutzen, erkl\u00e4ren Sie sich mit den Bestimmungen dieser Nutzungsbedingungen einverstanden. Falls Sie damit nicht einverstanden sind, bitte ich Sie, von der Nutzung meiner Website abzusehen.<\/p>\n<h3>Datenschutz<\/h3>\n<p>Im Rahmen der Anmeldung (um z.B. einen Kommentar zu geben bzw. einen Eintrag in einem Blog zu ver\u00f6ffentlichen) werden personenbezogenen Daten mit Ihrem Wissen und Ihrer Einwilligung erhoben.<br \/>\nEinsendungen werden durch einen Spamfilter gepr\u00fcft. Die dabei erhobenen Daten werden auf Servern in den USA gespeichert.<br \/>\nWenn Sie meine Webseite besuchen, werden sog. \u201eCookies\u201c erzeugt. Das sind Textdateien, die auf Ihrem Computer gespeichert werden. Die in Cookies gespeicherten Informationen werden benutzt, um die Nutzung der Website auszuwerten und um Reports \u00fcber die Websiteaktivit\u00e4ten zusammenzustellen. Ziel der Auswertungen ist die kontinuierliche Verbesserung meiner Internetseite.<br \/>\nAlle statistischen Daten werden anonymisiert, die gespeicherten Daten sind somit nicht personenbezogen.<br \/>\nDurch die Nutzung dieser Website erkl\u00e4ren Sie sich mit der Bearbeitung der \u00fcber Sie erhobenen Daten in der zuvor beschriebenen Art und Weise und zu dem zuvor benannten Zweck einverstanden.<br \/>\nSie k\u00f6nnen die Speicherung der Cookies durch eine entsprechende Einstellung Ihrer Browser-Software verhindern; ich weise Sie jedoch darauf hin, dass Sie in diesem Fall gegebenenfalls nicht s\u00e4mtliche Funktionen dieser Website vollumf\u00e4nglich werden nutzen k\u00f6nnen.<br \/>\nAu\u00dferdem gibt es in verschiedenen Browsern einen sogenannten Incognito-Modus, mit dessen Hilfe man im Web surfen kann, ohne dass Webseiten und Dateien im Browserverlauf erfasst werden. Im Incognito-Modus werden Cookies gel\u00f6scht, nachdem alle Inkognito-Fenster und -Tabs geschlossen sind bzw. nachdem der Browser beendet wird.<\/p>\n<h3>Haftungshinweis<\/h3>\n<p>Trotz sorgf\u00e4ltiger inhaltlicher Kontrolle \u00fcbernehme ich keine Haftung f\u00fcr die Richtigkeit, Vollst\u00e4ndigkeit und Aktualit\u00e4t externer Beitr\u00e4ge oder Links. Soweit gesetzlich zul\u00e4ssig, hafte ich nicht f\u00fcr direkte oder indirekte Sch\u00e4den jeder Art, die durch die Nutzung der Website entstehen (ausgenommen vors\u00e4tzlich oder grob fahrl\u00e4ssig verursachte Sch\u00e4den).<br \/>\nDie eigenen Bild- und Textinhalte auf meiner Webseite wurden von mit nach bestem Wissen und Gewissen erstellt. Daf\u00fcr hafte ich als Urheber und Autor eigenst\u00e4ndig.<br \/>\nAlle Angaben erfolgen ohne Gew\u00e4hr. Alle Angebote sind freibleibend. F\u00fcr Angaben Dritter wird keine Gew\u00e4hr \u00fcbernommen.<br \/>\nEs gilt ausschlie\u00dflich deutsches Recht. Sollte eine Bestimmung dieser Nutzungserkl\u00e4rung unwirksam sein, so bleiben die anderen Bestimmungen weiterhin g\u00fcltig. Ich behalte mir vor, diese Nutzungserkl\u00e4rung jederzeit abzu\u00e4ndern.<\/p>\n<h3>Schutzrechtsverletzung<\/h3>\n<p>Falls Sie vermuten, dass von dieser Website aus eines Ihrer Schutzrechte verletzt wird, teilen Sie das bitte umgehend der Ansprechperson, in diesem Falle Dieter Steffen, mit, damit z\u00fcgig Abhilfe geschaffen werden kann.<\/p>\n","protected":false},"excerpt":{"rendered":"<p>Verantwortungsbereich Das Impressum gilt grunds\u00e4tzlich f\u00fcr alle auf mich registrierten Dom\u00e4nen. Momentan ist das: dieter-steffen.de Abgrenzung Diese Web-Pr\u00e4senz ist Teil des WWW und dementsprechend mit fremden, sich jederzeit wandeln- k\u00f6nnenden Web-Sites verkn\u00fcpft, die folglich auch nicht diesem Verantwortungsbereich unterliegen und&#8230;<br \/><a class=\"read-more-button\" href=\"https:\/\/dieter-steffen.de\/?page_id=28\">Read more<\/a><\/p>\n","protected":false},"author":2,"featured_media":0,"parent":0,"menu_order":0,"comment_status":"open","ping_status":"open","template":"","meta":{"footnotes":""},"class_list":["post-28","page","type-page","status-publish","hentry"],"_links":{"self":[{"href":"https:\/\/dieter-steffen.de\/index.php?rest_route=\/wp\/v2\/pages\/28","targetHints":{"allow":["GET"]}}],"collection":[{"href":"https:\/\/dieter-steffen.de\/index.php?rest_route=\/wp\/v2\/pages"}],"about":[{"href":"https:\/\/dieter-steffen.de\/index.php?rest_route=\/wp\/v2\/types\/page"}],"author":[{"embeddable":true,"href":"https:\/\/dieter-steffen.de\/index.php?rest_route=\/wp\/v2\/users\/2"}],"replies":[{"embeddable":true,"href":"https:\/\/dieter-steffen.de\/index.php?rest_route=%2Fwp%2Fv2%2Fcomments&post=28"}],"version-history":[{"count":3,"href":"https:\/\/dieter-steffen.de\/index.php?rest_route=\/wp\/v2\/pages\/28\/revisions"}],"predecessor-version":[{"id":333,"href":"https:\/\/dieter-steffen.de\/index.php?rest_route=\/wp\/v2\/pages\/28\/revisions\/333"}],"wp:attachment":[{"href":"https:\/\/dieter-steffen.de\/index.php?rest_route=%2Fwp%2Fv2%2Fmedia&parent=28"}],"curies":[{"name":"wp","href":"https:\/\/api.w.org\/{rel}","templated":true}]}}